{"id":59,"date":"2025-10-07T22:56:51","date_gmt":"2025-10-07T20:56:51","guid":{"rendered":"https:\/\/rts-dachsanierung.de\/?page_id=59"},"modified":"2025-10-07T22:56:52","modified_gmt":"2025-10-07T20:56:52","slug":"sturmschaden","status":"publish","type":"page","link":"https:\/\/rts-dachsanierung.de\/?page_id=59","title":{"rendered":"Sturmschaden"},"content":{"rendered":"\n  \n    <section class=\"u-clearfix u-container-align-center u-valign-middle-lg u-valign-middle-md u-valign-middle-sm u-valign-middle-xs u-valign-top-xl u-section-1\" id=\"block-2\">\n      <div class=\"data-layout-selected u-clearfix u-expanded-width u-gutter-0 u-layout-wrap u-layout-wrap-1\">\n        <div class=\"u-layout\" style=\"\">\n          <div class=\"u-layout-row\" style=\"\">\n            <div class=\"skrollable u-align-left u-container-align-left u-container-style u-image u-layout-cell u-left-cell u-shading u-size-30 u-size-xs-60 u-image-1\" src=\"\" data-image-width=\"1280\" data-image-height=\"848\" style=\"background-image: linear-gradient(0deg, rgba(0, 0, 0, 0.25), rgba(0, 0, 0, 0.25)), url(&quot;https:\/\/rts-dachsanierung.de\/wp-content\/uploads\/2025\/10\/65ff6a0647235918254b6b1c2709ef3260d4bdf9d186818b810536111d79cc09b4156566efa365c26c5cbd3962291dd39b550299ad3f30834adf56_1280.jpg&quot;);\">\n              <div class=\"u-container-layout u-valign-middle-lg u-valign-middle-md u-valign-middle-sm u-valign-middle-xs u-container-layout-1\" src=\"\"><\/div>\n            <\/div>\n            <div class=\"u-align-left u-container-align-left u-container-style u-layout-cell u-right-cell u-size-30 u-size-xs-60 u-white u-layout-cell-2\">\n              <div class=\"u-container-layout u-valign-middle-lg u-valign-middle-md u-valign-middle-sm u-valign-middle-xs u-container-layout-2\">\n                <h2 class=\"u-align-left u-text u-text-custom-color-3 u-text-default u-text-1\"> Notdienst Dachreparatur: Schnelle Hilfe im Ernstfall<\/h2>\n                <p class=\"u-align-left u-text u-text-2\"> Pl\u00f6tzliche\n Dachsch\u00e4den k\u00f6nnen erhebliche Probleme verursachen, besonders bei \nwidrigen Wetterbedingungen. Unser Notdienst f\u00fcr Dachreparaturen bietet \nIhnen in solchen Situationen schnelle und zuverl\u00e4ssige Unterst\u00fctzung. \nEin erfahrenes Team steht bereit, um umgehend auf Ihre Notf\u00e4lle zu \nreagieren und die erforderlichen Reparaturen durchzuf\u00fchren, sodass Ihr \nDach schnell wieder sicher und funktionsf\u00e4hig wird. Mit modernster \nAusr\u00fcstung und fundiertem Know-how sorgen wir daf\u00fcr, dass Sch\u00e4den \neffizient behoben werden, um Folgesch\u00e4den zu vermeiden und die \nSicherheit Ihres Hauses wiederherzustellen. Verlassen Sie sich auf \nunsere schnelle Reaktion, wenn es darauf ankommt, und gew\u00e4hrleisten Sie \nden Schutz Ihres Zuhauses.<\/p>\n              <\/div>\n            <\/div>\n          <\/div>\n        <\/div>\n      <\/div>\n      <div class=\"data-layout-selected u-clearfix u-expanded-width u-gutter-0 u-layout-wrap u-layout-wrap-2\">\n        <div class=\"u-layout\" style=\"\">\n          <div class=\"u-layout-row\" style=\"\">\n            <div class=\"u-align-left u-container-align-left u-container-style u-layout-cell u-right-cell u-size-30 u-size-xs-60 u-white u-layout-cell-3\">\n              <div class=\"u-container-layout u-valign-middle-lg u-valign-middle-md u-valign-middle-sm u-valign-middle-xs u-container-layout-3\">\n                <h2 class=\"u-align-left u-text u-text-custom-color-3 u-text-default u-text-3\"> Sturmschaden am Dach: Professionelle L\u00f6sungen bei Wind und Wetter<\/h2>\n                <p class=\"u-align-left u-text u-text-4\"> St\u00fcrme\n k\u00f6nnen an D\u00e4chern verheerende Sch\u00e4den anrichten, die sofortige \nMa\u00dfnahmen erfordern. Unser Team ist auf die Behebung von Sturmsch\u00e4den \nspezialisiert und bietet schnelle, professionelle Unterst\u00fctzung. Nach \neiner gr\u00fcndlichen Schadens\u00adanalyse erstellen wir einen ma\u00dfgeschneiderten\n Reparaturplan, um die Integrit\u00e4t und Sicherheit Ihres Daches \nwiederherzustellen. Ob abgedeckte Dachziegel, besch\u00e4digte Dachfl\u00e4chen \noder entwurzelte Bauteile \u2013 wir k\u00fcmmern uns um alle Aspekte der \nSchadensbehebung, damit Ihr Dach schnell wieder in optimalem Zustand \nist. Vertrauen Sie auf unsere Expertise, um Ihr Zuhause effektiv vor \nWetterextremen zu sch\u00fctzen.<\/p>\n              <\/div>\n            <\/div>\n            <div class=\"skrollable u-align-left u-container-align-left u-container-style u-image u-layout-cell u-left-cell u-shading u-size-30 u-size-xs-60 u-image-2\" src=\"\" data-image-width=\"1280\" data-image-height=\"960\" style=\"background-image: linear-gradient(0deg, rgba(0, 0, 0, 0.25), rgba(0, 0, 0, 0.25)), url(&quot;https:\/\/rts-dachsanierung.de\/wp-content\/uploads\/2025\/10\/g6a30d466e88cf83a28479ac99336d194c9ad82c343877a8da57d8d333aa18f0ef6a81001e8b1720b14b643097c4c04ae_1280.jpg&quot;);\">\n              <div class=\"u-container-layout u-valign-middle-lg u-valign-middle-md u-valign-middle-sm u-valign-middle-xs u-container-layout-4\" src=\"\"><\/div>\n            <\/div>\n          <\/div>\n        <\/div>\n      <\/div>\n      <div class=\"data-layout-selected u-clearfix u-expanded-width u-gutter-0 u-layout-wrap u-layout-wrap-3\">\n        <div class=\"u-layout\" style=\"\">\n          <div class=\"u-layout-row\" style=\"\">\n            <div class=\"skrollable u-align-left u-container-align-left u-container-style u-image u-layout-cell u-left-cell u-shading u-size-30 u-size-xs-60 u-image-3\" src=\"\" data-image-width=\"928\" data-image-height=\"1280\" style=\"background-image: linear-gradient(0deg, rgba(0, 0, 0, 0.25), rgba(0, 0, 0, 0.25)), url(&quot;https:\/\/rts-dachsanierung.de\/wp-content\/uploads\/2025\/10\/a4f20c0d7b9cc413208952c7ebf1d6c09c6c69b761eec6c5ac963ad78fefe74125c083a3df44f3a4c17e8c2690694d2c564dfcf7d3eb58b85e6d49_1280.jpg&quot;);\">\n              <div class=\"u-container-layout u-valign-middle-lg u-valign-middle-md u-valign-middle-sm u-valign-middle-xs u-container-layout-5\" src=\"\"><\/div>\n            <\/div>\n            <div class=\"u-align-left u-container-align-left u-container-style u-layout-cell u-right-cell u-size-30 u-size-xs-60 u-white u-layout-cell-6\">\n              <div class=\"u-container-layout u-valign-bottom-xl u-valign-middle-lg u-valign-middle-md u-valign-middle-sm u-valign-middle-xs u-container-layout-6\">\n                <h2 class=\"u-align-left u-text u-text-custom-color-3 u-text-default u-text-5\"> 24h-Dachservice: Rund um die Uhr f\u00fcr Sie da<\/h2>\n                <p class=\"u-align-left u-text u-text-6\"> Dachprobleme\n treten oft zu den ung\u00fcnstigsten Zeiten auf. Deshalb bieten wir einen \n24-Stunden-Dachservice, der Ihnen jederzeit zur Verf\u00fcgung steht. Egal ob\n nachts oder am Wochenende, unser engagiertes Team ist bereit, schnell \nund effizient zu reagieren. Wir verstehen, dass Dachsch\u00e4den dringend \nsind und keine Verz\u00f6gerung dulden, daher sind wir rund um die Uhr \nerreichbar, um Ihre Probleme zeitnah zu l\u00f6sen. Mit unserem \n24h-Dachservice k\u00f6nnen Sie sicher sein, dass die Sicherheit Ihres Daches\n zu jeder Uhrzeit gew\u00e4hrleistet ist, sodass Sie sich keine Sorgen um \nunvorhergesehene Probleme machen m\u00fcssen.<\/p>\n              <\/div>\n            <\/div>\n          <\/div>\n        <\/div>\n      <\/div>\n    <\/section>\n    \n    \n    \n    \n  \n","protected":false},"excerpt":{"rendered":"<p>Notdienst Dachreparatur: Schnelle Hilfe im Ernstfall Pl\u00f6tzliche Dachsch\u00e4den k\u00f6nnen erhebliche Probleme verursachen, besonders bei widrigen Wetterbedingungen. Unser Notdienst f\u00fcr Dachreparaturen bietet Ihnen in solchen Situationen schnelle und zuverl\u00e4ssige Unterst\u00fctzung. Ein erfahrenes Team steht bereit, um umgehend auf Ihre Notf\u00e4lle zu reagieren und die erforderlichen Reparaturen durchzuf\u00fchren, sodass Ihr Dach schnell wieder sicher und funktionsf\u00e4hig wird. &hellip; <a href=\"https:\/\/rts-dachsanierung.de\/?page_id=59\" class=\"more-link\">Continue reading<span class=\"screen-reader-text\"> &#8222;Sturmschaden&#8220;<\/span><\/a><\/p>\n","protected":false},"author":2,"featured_media":0,"parent":0,"menu_order":7,"comment_status":"closed","ping_status":"closed","template":"","meta":{"footnotes":""},"class_list":["post-59","page","type-page","status-publish","hentry"],"_links":{"self":[{"href":"https:\/\/rts-dachsanierung.de\/index.php?rest_route=\/wp\/v2\/pages\/59","targetHints":{"allow":["GET"]}}],"collection":[{"href":"https:\/\/rts-dachsanierung.de\/index.php?rest_route=\/wp\/v2\/pages"}],"about":[{"href":"https:\/\/rts-dachsanierung.de\/index.php?rest_route=\/wp\/v2\/types\/page"}],"author":[{"embeddable":true,"href":"https:\/\/rts-dachsanierung.de\/index.php?rest_route=\/wp\/v2\/users\/2"}],"replies":[{"embeddable":true,"href":"https:\/\/rts-dachsanierung.de\/index.php?rest_route=%2Fwp%2Fv2%2Fcomments&post=59"}],"version-history":[{"count":1,"href":"https:\/\/rts-dachsanierung.de\/index.php?rest_route=\/wp\/v2\/pages\/59\/revisions"}],"predecessor-version":[{"id":67,"href":"https:\/\/rts-dachsanierung.de\/index.php?rest_route=\/wp\/v2\/pages\/59\/revisions\/67"}],"wp:attachment":[{"href":"https:\/\/rts-dachsanierung.de\/index.php?rest_route=%2Fwp%2Fv2%2Fmedia&parent=59"}],"curies":[{"name":"wp","href":"https:\/\/api.w.org\/{rel}","templated":true}]}}